{"id":105,"date":"2019-08-20T12:30:20","date_gmt":"2019-08-20T12:30:20","guid":{"rendered":"http:\/\/liebevolle-extras.de\/?page_id=105"},"modified":"2023-08-17T17:01:29","modified_gmt":"2023-08-17T17:01:29","slug":"startseite","status":"publish","type":"page","link":"https:\/\/liebevolle-extras.de\/","title":{"rendered":"Startseite"},"content":{"rendered":"\t\t<div data-elementor-type=\"wp-page\" data-elementor-id=\"105\" class=\"elementor elementor-105\" data-elementor-post-type=\"page\">\n\t\t\t\t\t\t<section class=\"elementor-section elementor-top-section elementor-element elementor-element-b1bcc46 elementor-section-boxed elementor-section-height-default elementor-section-height-default\" data-id=\"b1bcc46\" data-element_type=\"section\" data-e-type=\"section\">\n\t\t\t\t\t\t<div class=\"elementor-container elementor-column-gap-default\">\n\t\t\t\t\t<div class=\"elementor-column elementor-col-100 elementor-top-column elementor-element elementor-element-6bb30d5\" data-id=\"6bb30d5\" data-element_type=\"column\" data-e-type=\"column\">\n\t\t\t<div class=\"elementor-widget-wrap elementor-element-populated\">\n\t\t\t\t\t\t<div class=\"elementor-element elementor-element-a0c226e elementor-widget elementor-widget-spacer\" data-id=\"a0c226e\" data-element_type=\"widget\" data-e-type=\"widget\" data-widget_type=\"spacer.default\">\n\t\t\t\t<div class=\"elementor-widget-container\">\n\t\t\t\t\t\t\t<div class=\"elementor-spacer\">\n\t\t\t<div class=\"elementor-spacer-inner\"><\/div>\n\t\t<\/div>\n\t\t\t\t\t\t<\/div>\n\t\t\t\t<\/div>\n\t\t\t\t\t<\/div>\n\t\t<\/div>\n\t\t\t\t\t<\/div>\n\t\t<\/section>\n\t\t\t\t<section class=\"elementor-section elementor-top-section elementor-element elementor-element-d1af3a0 elementor-section-boxed elementor-section-height-default elementor-section-height-default\" data-id=\"d1af3a0\" data-element_type=\"section\" data-e-type=\"section\">\n\t\t\t\t\t\t<div class=\"elementor-container elementor-column-gap-default\">\n\t\t\t\t\t<div class=\"elementor-column elementor-col-33 elementor-top-column elementor-element elementor-element-653ea2f\" data-id=\"653ea2f\" data-element_type=\"column\" data-e-type=\"column\">\n\t\t\t<div class=\"elementor-widget-wrap elementor-element-populated\">\n\t\t\t\t\t\t<div class=\"elementor-element elementor-element-bb815fb elementor--h-position-center elementor--v-position-middle elementor-arrows-position-inside elementor-pagination-position-inside elementor-widget elementor-widget-slides\" data-id=\"bb815fb\" data-element_type=\"widget\" data-e-type=\"widget\" data-settings=\"{&quot;transition&quot;:&quot;fade&quot;,&quot;navigation&quot;:&quot;both&quot;,&quot;autoplay&quot;:&quot;yes&quot;,&quot;pause_on_hover&quot;:&quot;yes&quot;,&quot;pause_on_interaction&quot;:&quot;yes&quot;,&quot;autoplay_speed&quot;:5000,&quot;infinite&quot;:&quot;yes&quot;,&quot;transition_speed&quot;:500}\" data-widget_type=\"slides.default\">\n\t\t\t\t<div class=\"elementor-widget-container\">\n\t\t\t\t\t\t\t\t\t<div class=\"elementor-swiper\">\n\t\t\t\t\t<div class=\"elementor-slides-wrapper elementor-main-swiper swiper\" role=\"region\" aria-roledescription=\"carousel\" aria-label=\"Slider\" dir=\"ltr\" data-animation=\"fadeInUp\">\n\t\t\t\t<div class=\"swiper-wrapper elementor-slides\">\n\t\t\t\t\t\t\t\t\t\t<div class=\"elementor-repeater-item-e507a42 swiper-slide\" role=\"group\" aria-roledescription=\"slide\"><div class=\"swiper-slide-bg elementor-ken-burns elementor-ken-burns--in\" role=\"img\" aria-label=\"Potpourie\"><\/div><div class=\"swiper-slide-inner\" ><div class=\"swiper-slide-contents\"><\/div><\/div><\/div><div class=\"elementor-repeater-item-f9b828e swiper-slide\" role=\"group\" aria-roledescription=\"slide\"><div class=\"swiper-slide-bg elementor-ken-burns elementor-ken-burns--in\" role=\"img\" aria-label=\"Weihnachtskarten\"><\/div><div class=\"swiper-slide-inner\" ><div class=\"swiper-slide-contents\"><\/div><\/div><\/div><div class=\"elementor-repeater-item-586ff61 swiper-slide\" role=\"group\" aria-roledescription=\"slide\"><div class=\"swiper-slide-bg elementor-ken-burns elementor-ken-burns--in\" role=\"img\" aria-label=\"Ziehschokolade 1\"><\/div><div class=\"swiper-slide-inner\" ><div class=\"swiper-slide-contents\"><\/div><\/div><\/div><div class=\"elementor-repeater-item-2c683dd swiper-slide\" role=\"group\" aria-roledescription=\"slide\"><div class=\"swiper-slide-bg elementor-ken-burns elementor-ken-burns--in\" role=\"img\" aria-label=\"IMG-20200322-WA0004\"><\/div><div class=\"swiper-slide-inner\" ><div class=\"swiper-slide-contents\"><\/div><\/div><\/div><div class=\"elementor-repeater-item-5bcbbf9 swiper-slide\" role=\"group\" aria-roledescription=\"slide\"><div class=\"swiper-slide-bg elementor-ken-burns elementor-ken-burns--in\" role=\"img\" aria-label=\"IMG-20200322-WA0007\"><\/div><div class=\"swiper-slide-inner\" ><div class=\"swiper-slide-contents\"><\/div><\/div><\/div><div class=\"elementor-repeater-item-fd7d973 swiper-slide\" role=\"group\" aria-roledescription=\"slide\"><div class=\"swiper-slide-bg elementor-ken-burns elementor-ken-burns--in\" role=\"img\" aria-label=\"IMG-20200202-WA0000\"><\/div><div class=\"swiper-slide-inner\" ><div class=\"swiper-slide-contents\"><\/div><\/div><\/div><div class=\"elementor-repeater-item-f727186 swiper-slide\" role=\"group\" aria-roledescription=\"slide\"><div class=\"swiper-slide-bg\" role=\"img\" aria-label=\"Konfi 1\"><\/div><div class=\"swiper-slide-inner\" ><div class=\"swiper-slide-contents\"><div class=\"elementor-slide-description\">.<\/div><\/div><\/div><\/div><div class=\"elementor-repeater-item-dbb34b9 swiper-slide\" role=\"group\" aria-roledescription=\"slide\"><div class=\"swiper-slide-bg\" role=\"img\" aria-label=\"Gurtstag 1\"><\/div><div class=\"swiper-slide-inner\" ><div class=\"swiper-slide-contents\"><\/div><\/div><\/div><div class=\"elementor-repeater-item-6a56085 swiper-slide\" role=\"group\" aria-roledescription=\"slide\"><div class=\"swiper-slide-bg\" role=\"img\" aria-label=\"Impfbuch 1\"><\/div><div class=\"swiper-slide-inner\" ><div class=\"swiper-slide-contents\"><\/div><\/div><\/div><div class=\"elementor-repeater-item-6fab098 swiper-slide\" role=\"group\" aria-roledescription=\"slide\"><div class=\"swiper-slide-bg\" role=\"img\" aria-label=\"Explosion5\"><\/div><div class=\"swiper-slide-inner\" ><div class=\"swiper-slide-contents\"><\/div><\/div><\/div>\t\t\t\t<\/div>\n\t\t\t\t\t\t\t\t\t\t\t\t\t\t\t<div class=\"elementor-swiper-button elementor-swiper-button-prev\" role=\"button\" tabindex=\"0\" aria-label=\"Vorheriger Slide\">\n\t\t\t\t\t\t\t<i aria-hidden=\"true\" class=\"eicon-chevron-left\"><\/i>\t\t\t\t\t\t<\/div>\n\t\t\t\t\t\t<div class=\"elementor-swiper-button elementor-swiper-button-next\" role=\"button\" tabindex=\"0\" aria-label=\"N\u00e4chster Slide\">\n\t\t\t\t\t\t\t<i aria-hidden=\"true\" class=\"eicon-chevron-right\"><\/i>\t\t\t\t\t\t<\/div>\n\t\t\t\t\t\t\t\t\t\t\t\t\t\t\t\t<div class=\"swiper-pagination\"><\/div>\n\t\t\t\t\t\t\t\t\t\t\t\t<\/div>\n\t\t\t\t<\/div>\n\t\t\t\t\t\t\t\t<\/div>\n\t\t\t\t<\/div>\n\t\t\t\t\t<\/div>\n\t\t<\/div>\n\t\t\t\t<div class=\"elementor-column elementor-col-33 elementor-top-column elementor-element elementor-element-2289f10\" data-id=\"2289f10\" data-element_type=\"column\" data-e-type=\"column\">\n\t\t\t<div class=\"elementor-widget-wrap\">\n\t\t\t\t\t\t\t<\/div>\n\t\t<\/div>\n\t\t\t\t<div class=\"elementor-column elementor-col-33 elementor-top-column elementor-element elementor-element-af2a75f\" data-id=\"af2a75f\" data-element_type=\"column\" data-e-type=\"column\">\n\t\t\t<div class=\"elementor-widget-wrap elementor-element-populated\">\n\t\t\t\t\t\t<div class=\"elementor-element elementor-element-63ec267 elementor-widget elementor-widget-text-editor\" data-id=\"63ec267\" data-element_type=\"widget\" data-e-type=\"widget\" data-widget_type=\"text-editor.default\">\n\t\t\t\t<div class=\"elementor-widget-container\">\n\t\t\t\t\t\t\t\t\t<p><strong>Hallo<\/strong><\/p>\t\t\t\t\t\t\t\t<\/div>\n\t\t\t\t<\/div>\n\t\t\t\t<div class=\"elementor-element elementor-element-2077567 elementor-widget elementor-widget-text-editor\" data-id=\"2077567\" data-element_type=\"widget\" data-e-type=\"widget\" data-widget_type=\"text-editor.default\">\n\t\t\t\t<div class=\"elementor-widget-container\">\n\t\t\t\t\t\t\t\t\t<p><strong>sch\u00f6n, dass Du meine Seite gefunden hast.<\/strong><\/p>\t\t\t\t\t\t\t\t<\/div>\n\t\t\t\t<\/div>\n\t\t\t\t<div class=\"elementor-element elementor-element-8178b36 elementor-widget elementor-widget-text-editor\" data-id=\"8178b36\" data-element_type=\"widget\" data-e-type=\"widget\" data-widget_type=\"text-editor.default\">\n\t\t\t\t<div class=\"elementor-widget-container\">\n\t\t\t\t\t\t\t\t\t<p>Du suchst nach einer Dekoration oder kleinen Geschenken f\u00fcr Deine n\u00e4chste Feier?<\/p><p>Du suchst kleine Geschenke, Mitbringsel oder Aufmerksamkeiten f\u00fcr liebe Menschen?<\/p><p>Du suchst eine besondere Verpackung f\u00fcr kleine Geschenke? <\/p>\t\t\t\t\t\t\t\t<\/div>\n\t\t\t\t<\/div>\n\t\t\t\t<div class=\"elementor-element elementor-element-933571e elementor-widget elementor-widget-text-editor\" data-id=\"933571e\" data-element_type=\"widget\" data-e-type=\"widget\" data-widget_type=\"text-editor.default\">\n\t\t\t\t<div class=\"elementor-widget-container\">\n\t\t\t\t\t\t\t\t\t<p>Dann bin ich der richtige Partner f\u00fcr Dich. Gern nehme ich Deinen Auftrag entgegen und fertige die \u201eLiebevollen Extras\u201c f\u00fcr Dich an. <br \/>Einige Beispiele findest Du unter <a href=\"http:\/\/liebevolle-extras.de\/?page_id=267\">Bastelarbeiten,<\/a> z.B. die aktuelle <a href=\"https:\/\/liebevolle-extras.de\/?page_id=918\">Weihnachtskollektion<\/a><\/p>\t\t\t\t\t\t\t\t<\/div>\n\t\t\t\t<\/div>\n\t\t\t\t<div class=\"elementor-element elementor-element-6cc97b5 elementor-widget elementor-widget-text-editor\" data-id=\"6cc97b5\" data-element_type=\"widget\" data-e-type=\"widget\" data-widget_type=\"text-editor.default\">\n\t\t\t\t<div class=\"elementor-widget-container\">\n\t\t\t\t\t\t\t\t\t<p>Du bastelst selber gern oder m\u00f6chtest einen Bastelkurs besuchen?<\/p>\t\t\t\t\t\t\t\t<\/div>\n\t\t\t\t<\/div>\n\t\t\t\t<div class=\"elementor-element elementor-element-49a6483 elementor-widget elementor-widget-text-editor\" data-id=\"49a6483\" data-element_type=\"widget\" data-e-type=\"widget\" data-widget_type=\"text-editor.default\">\n\t\t\t\t<div class=\"elementor-widget-container\">\n\t\t\t\t\t\t\t\t\t<p>Dann melde Dich zu einem meiner <a href=\"http:\/\/liebevolle-extras.de\/?page_id=265\">Workshops<\/a> an oder buche Deine eigene <a href=\"http:\/\/liebevolle-extras.de\/?page_id=282\">Bastelparty<\/a> bei Dir zu Hause. Hier findest du f\u00fcr die Workshops die aktuellen <a href=\"http:\/\/liebevolle-extras.de\/?page_id=182\">Termine<\/a>.<\/p>\t\t\t\t\t\t\t\t<\/div>\n\t\t\t\t<\/div>\n\t\t\t\t<div class=\"elementor-element elementor-element-c9bbf81 elementor-widget elementor-widget-text-editor\" data-id=\"c9bbf81\" data-element_type=\"widget\" data-e-type=\"widget\" data-widget_type=\"text-editor.default\">\n\t\t\t\t<div class=\"elementor-widget-container\">\n\t\t\t\t\t\t\t\t\t<p>Du kannst mich und meine \u201eLiebevollen Extras\u201c auch auf verschiedenen <a href=\"http:\/\/liebevolle-extras.de\/?page_id=491\">Veranstaltungen<\/a> kennenlernen.<\/p>\t\t\t\t\t\t\t\t<\/div>\n\t\t\t\t<\/div>\n\t\t\t\t\t<\/div>\n\t\t<\/div>\n\t\t\t\t\t<\/div>\n\t\t<\/section>\n\t\t\t\t<\/div>\n\t\t","protected":false},"excerpt":{"rendered":"<p>. Previous slide Next slide Hallo sch\u00f6n, dass Du meine Seite gefunden hast. Du suchst nach einer Dekoration oder kleinen Geschenken f\u00fcr Deine n\u00e4chste Feier? Du suchst kleine Geschenke, Mitbringsel oder Aufmerksamkeiten f\u00fcr liebe Menschen? Du suchst eine besondere Verpackung f\u00fcr kleine Geschenke? Dann bin ich der richtige Partner f\u00fcr Dich. Gern nehme ich Deinen [&hellip;]<\/p>\n","protected":false},"author":1,"featured_media":0,"parent":0,"menu_order":0,"comment_status":"closed","ping_status":"closed","template":"","meta":{"ocean_post_layout":"full-screen","ocean_both_sidebars_style":"","ocean_both_sidebars_content_width":0,"ocean_both_sidebars_sidebars_width":0,"ocean_sidebar":"0","ocean_second_sidebar":"0","ocean_disable_margins":"enable","ocean_add_body_class":"","ocean_shortcode_before_top_bar":"","ocean_shortcode_after_top_bar":"","ocean_shortcode_before_header":"","ocean_shortcode_after_header":"","ocean_has_shortcode":"","ocean_shortcode_after_title":"","ocean_shortcode_before_footer_widgets":"","ocean_shortcode_after_footer_widgets":"","ocean_shortcode_before_footer_bottom":"","ocean_shortcode_after_footer_bottom":"","ocean_display_top_bar":"on","ocean_display_header":"on","ocean_header_style":"","ocean_center_header_left_menu":"0","ocean_custom_header_template":"0","ocean_custom_logo":0,"ocean_custom_retina_logo":0,"ocean_custom_logo_max_width":0,"ocean_custom_logo_tablet_max_width":0,"ocean_custom_logo_mobile_max_width":0,"ocean_custom_logo_max_height":0,"ocean_custom_logo_tablet_max_height":0,"ocean_custom_logo_mobile_max_height":0,"ocean_header_custom_menu":"","ocean_menu_typo_font_family":"0","ocean_menu_typo_font_subset":"","ocean_menu_typo_font_size":0,"ocean_menu_typo_font_size_tablet":0,"ocean_menu_typo_font_size_mobile":0,"ocean_menu_typo_font_size_unit":"px","ocean_menu_typo_font_weight":"","ocean_menu_typo_font_weight_tablet":"","ocean_menu_typo_font_weight_mobile":"","ocean_menu_typo_transform":"","ocean_menu_typo_transform_tablet":"","ocean_menu_typo_transform_mobile":"","ocean_menu_typo_line_height":0,"ocean_menu_typo_line_height_tablet":0,"ocean_menu_typo_line_height_mobile":0,"ocean_menu_typo_line_height_unit":"","ocean_menu_typo_spacing":0,"ocean_menu_typo_spacing_tablet":0,"ocean_menu_typo_spacing_mobile":0,"ocean_menu_typo_spacing_unit":"","ocean_menu_link_color":"","ocean_menu_link_color_hover":"","ocean_menu_link_color_active":"","ocean_menu_link_background":"","ocean_menu_link_hover_background":"","ocean_menu_link_active_background":"","ocean_menu_social_links_bg":"","ocean_menu_social_hover_links_bg":"","ocean_menu_social_links_color":"","ocean_menu_social_hover_links_color":"","ocean_disable_title":"on","ocean_disable_heading":"default","ocean_post_title":"","ocean_post_subheading":"","ocean_post_title_style":"","ocean_post_title_background_color":"","ocean_post_title_background":0,"ocean_post_title_bg_image_position":"","ocean_post_title_bg_image_attachment":"","ocean_post_title_bg_image_repeat":"","ocean_post_title_bg_image_size":"","ocean_post_title_height":0,"ocean_post_title_bg_overlay":0.5,"ocean_post_title_bg_overlay_color":"","ocean_disable_breadcrumbs":"default","ocean_breadcrumbs_color":"","ocean_breadcrumbs_separator_color":"","ocean_breadcrumbs_links_color":"","ocean_breadcrumbs_links_hover_color":"","ocean_display_footer_widgets":"on","ocean_display_footer_bottom":"on","ocean_custom_footer_template":"0","footnotes":""},"class_list":["post-105","page","type-page","status-publish","hentry","entry"],"yoast_head":"<!-- This site is optimized with the Yoast SEO plugin v27.4 - https:\/\/yoast.com\/product\/yoast-seo-wordpress\/ -->\n<title>Liebevolle Extras - Kreative Bastelarbeiten, Stampin`Up<\/title>\n<meta name=\"description\" content=\"- Workshops und Bastelpartys - Herstellung und Verkauf von kreativen Bastelarbeiten - Auftragsarbeiten - Unabh\u00e4ngige Stampin` Up! Demonstratorin\" \/>\n<meta name=\"robots\" content=\"index, follow, max-snippet:-1, max-image-preview:large, max-video-preview:-1\" \/>\n<link rel=\"canonical\" href=\"https:\/\/liebevolle-extras.de\/\" \/>\n<meta property=\"og:locale\" content=\"de_DE\" \/>\n<meta property=\"og:type\" content=\"article\" \/>\n<meta property=\"og:title\" content=\"Liebevolle Extras - Kreative Bastelarbeiten, Stampin`Up\" \/>\n<meta property=\"og:description\" content=\"- Workshops und Bastelpartys - Herstellung und Verkauf von kreativen Bastelarbeiten - Auftragsarbeiten - Unabh\u00e4ngige Stampin` Up! Demonstratorin\" \/>\n<meta property=\"og:url\" content=\"https:\/\/liebevolle-extras.de\/\" \/>\n<meta property=\"og:site_name\" content=\"liebevolle-extras\" \/>\n<meta property=\"article:modified_time\" content=\"2023-08-17T17:01:29+00:00\" \/>\n<meta name=\"twitter:card\" content=\"summary_large_image\" \/>\n<meta name=\"twitter:label1\" content=\"Gesch\u00e4tzte Lesezeit\" \/>\n\t<meta name=\"twitter:data1\" content=\"1\u00a0Minute\" \/>\n<script type=\"application\/ld+json\" class=\"yoast-schema-graph\">{\"@context\":\"https:\\\/\\\/schema.org\",\"@graph\":[{\"@type\":\"WebPage\",\"@id\":\"https:\\\/\\\/liebevolle-extras.de\\\/\",\"url\":\"https:\\\/\\\/liebevolle-extras.de\\\/\",\"name\":\"Liebevolle Extras - Kreative Bastelarbeiten, Stampin`Up\",\"isPartOf\":{\"@id\":\"https:\\\/\\\/liebevolle-extras.de\\\/#website\"},\"datePublished\":\"2019-08-20T12:30:20+00:00\",\"dateModified\":\"2023-08-17T17:01:29+00:00\",\"description\":\"- Workshops und Bastelpartys - Herstellung und Verkauf von kreativen Bastelarbeiten - Auftragsarbeiten - Unabh\u00e4ngige Stampin` Up! Demonstratorin\",\"breadcrumb\":{\"@id\":\"https:\\\/\\\/liebevolle-extras.de\\\/#breadcrumb\"},\"inLanguage\":\"de\",\"potentialAction\":[{\"@type\":\"ReadAction\",\"target\":[\"https:\\\/\\\/liebevolle-extras.de\\\/\"]}]},{\"@type\":\"BreadcrumbList\",\"@id\":\"https:\\\/\\\/liebevolle-extras.de\\\/#breadcrumb\",\"itemListElement\":[{\"@type\":\"ListItem\",\"position\":1,\"name\":\"Startseite\",\"item\":\"https:\\\/\\\/liebevolle-extras.de\\\/\"},{\"@type\":\"ListItem\",\"position\":2,\"name\":\"Startseite\"}]},{\"@type\":\"WebSite\",\"@id\":\"https:\\\/\\\/liebevolle-extras.de\\\/#website\",\"url\":\"https:\\\/\\\/liebevolle-extras.de\\\/\",\"name\":\"liebevolle-extras\",\"description\":\"\",\"publisher\":{\"@id\":\"https:\\\/\\\/liebevolle-extras.de\\\/#\\\/schema\\\/person\\\/0461f570bd4a4d4913b5bd6eb1263e94\"},\"potentialAction\":[{\"@type\":\"SearchAction\",\"target\":{\"@type\":\"EntryPoint\",\"urlTemplate\":\"https:\\\/\\\/liebevolle-extras.de\\\/?s={search_term_string}\"},\"query-input\":{\"@type\":\"PropertyValueSpecification\",\"valueRequired\":true,\"valueName\":\"search_term_string\"}}],\"inLanguage\":\"de\"},{\"@type\":[\"Person\",\"Organization\"],\"@id\":\"https:\\\/\\\/liebevolle-extras.de\\\/#\\\/schema\\\/person\\\/0461f570bd4a4d4913b5bd6eb1263e94\",\"name\":\"marriede\",\"image\":{\"@type\":\"ImageObject\",\"inLanguage\":\"de\",\"@id\":\"https:\\\/\\\/liebevolle-extras.de\\\/wp-content\\\/uploads\\\/2019\\\/09\\\/Herz-Logo-1.jpg\",\"url\":\"https:\\\/\\\/liebevolle-extras.de\\\/wp-content\\\/uploads\\\/2019\\\/09\\\/Herz-Logo-1.jpg\",\"contentUrl\":\"https:\\\/\\\/liebevolle-extras.de\\\/wp-content\\\/uploads\\\/2019\\\/09\\\/Herz-Logo-1.jpg\",\"width\":1061,\"height\":843,\"caption\":\"marriede\"},\"logo\":{\"@id\":\"https:\\\/\\\/liebevolle-extras.de\\\/wp-content\\\/uploads\\\/2019\\\/09\\\/Herz-Logo-1.jpg\"}}]}<\/script>\n<!-- \/ Yoast SEO plugin. -->","yoast_head_json":{"title":"Liebevolle Extras - Kreative Bastelarbeiten, Stampin`Up","description":"- Workshops und Bastelpartys - Herstellung und Verkauf von kreativen Bastelarbeiten - Auftragsarbeiten - Unabh\u00e4ngige Stampin` Up! Demonstratorin","robots":{"index":"index","follow":"follow","max-snippet":"max-snippet:-1","max-image-preview":"max-image-preview:large","max-video-preview":"max-video-preview:-1"},"canonical":"https:\/\/liebevolle-extras.de\/","og_locale":"de_DE","og_type":"article","og_title":"Liebevolle Extras - Kreative Bastelarbeiten, Stampin`Up","og_description":"- Workshops und Bastelpartys - Herstellung und Verkauf von kreativen Bastelarbeiten - Auftragsarbeiten - Unabh\u00e4ngige Stampin` Up! Demonstratorin","og_url":"https:\/\/liebevolle-extras.de\/","og_site_name":"liebevolle-extras","article_modified_time":"2023-08-17T17:01:29+00:00","twitter_card":"summary_large_image","twitter_misc":{"Gesch\u00e4tzte Lesezeit":"1\u00a0Minute"},"schema":{"@context":"https:\/\/schema.org","@graph":[{"@type":"WebPage","@id":"https:\/\/liebevolle-extras.de\/","url":"https:\/\/liebevolle-extras.de\/","name":"Liebevolle Extras - Kreative Bastelarbeiten, Stampin`Up","isPartOf":{"@id":"https:\/\/liebevolle-extras.de\/#website"},"datePublished":"2019-08-20T12:30:20+00:00","dateModified":"2023-08-17T17:01:29+00:00","description":"- Workshops und Bastelpartys - Herstellung und Verkauf von kreativen Bastelarbeiten - Auftragsarbeiten - Unabh\u00e4ngige Stampin` Up! Demonstratorin","breadcrumb":{"@id":"https:\/\/liebevolle-extras.de\/#breadcrumb"},"inLanguage":"de","potentialAction":[{"@type":"ReadAction","target":["https:\/\/liebevolle-extras.de\/"]}]},{"@type":"BreadcrumbList","@id":"https:\/\/liebevolle-extras.de\/#breadcrumb","itemListElement":[{"@type":"ListItem","position":1,"name":"Startseite","item":"https:\/\/liebevolle-extras.de\/"},{"@type":"ListItem","position":2,"name":"Startseite"}]},{"@type":"WebSite","@id":"https:\/\/liebevolle-extras.de\/#website","url":"https:\/\/liebevolle-extras.de\/","name":"liebevolle-extras","description":"","publisher":{"@id":"https:\/\/liebevolle-extras.de\/#\/schema\/person\/0461f570bd4a4d4913b5bd6eb1263e94"},"potentialAction":[{"@type":"SearchAction","target":{"@type":"EntryPoint","urlTemplate":"https:\/\/liebevolle-extras.de\/?s={search_term_string}"},"query-input":{"@type":"PropertyValueSpecification","valueRequired":true,"valueName":"search_term_string"}}],"inLanguage":"de"},{"@type":["Person","Organization"],"@id":"https:\/\/liebevolle-extras.de\/#\/schema\/person\/0461f570bd4a4d4913b5bd6eb1263e94","name":"marriede","image":{"@type":"ImageObject","inLanguage":"de","@id":"https:\/\/liebevolle-extras.de\/wp-content\/uploads\/2019\/09\/Herz-Logo-1.jpg","url":"https:\/\/liebevolle-extras.de\/wp-content\/uploads\/2019\/09\/Herz-Logo-1.jpg","contentUrl":"https:\/\/liebevolle-extras.de\/wp-content\/uploads\/2019\/09\/Herz-Logo-1.jpg","width":1061,"height":843,"caption":"marriede"},"logo":{"@id":"https:\/\/liebevolle-extras.de\/wp-content\/uploads\/2019\/09\/Herz-Logo-1.jpg"}}]}},"_links":{"self":[{"href":"https:\/\/liebevolle-extras.de\/index.php?rest_route=\/wp\/v2\/pages\/105","targetHints":{"allow":["GET"]}}],"collection":[{"href":"https:\/\/liebevolle-extras.de\/index.php?rest_route=\/wp\/v2\/pages"}],"about":[{"href":"https:\/\/liebevolle-extras.de\/index.php?rest_route=\/wp\/v2\/types\/page"}],"author":[{"embeddable":true,"href":"https:\/\/liebevolle-extras.de\/index.php?rest_route=\/wp\/v2\/users\/1"}],"replies":[{"embeddable":true,"href":"https:\/\/liebevolle-extras.de\/index.php?rest_route=%2Fwp%2Fv2%2Fcomments&post=105"}],"version-history":[{"count":83,"href":"https:\/\/liebevolle-extras.de\/index.php?rest_route=\/wp\/v2\/pages\/105\/revisions"}],"predecessor-version":[{"id":1250,"href":"https:\/\/liebevolle-extras.de\/index.php?rest_route=\/wp\/v2\/pages\/105\/revisions\/1250"}],"wp:attachment":[{"href":"https:\/\/liebevolle-extras.de\/index.php?rest_route=%2Fwp%2Fv2%2Fmedia&parent=105"}],"curies":[{"name":"wp","href":"https:\/\/api.w.org\/{rel}","templated":true}]}}